{"id":225,"date":"2024-07-17T08:09:24","date_gmt":"2024-07-17T08:09:24","guid":{"rendered":"https:\/\/sweetfilmmemories.com\/sobre-sfm"},"modified":"2024-09-06T10:31:39","modified_gmt":"2024-09-06T10:31:39","slug":"sobre-sfm","status":"publish","type":"page","link":"https:\/\/sweetfilmmemories.com\/es\/sobre-sfm","title":{"rendered":"Sobre SFM"},"content":{"rendered":"<p>[et_pb_section fb_built=\u00bb1&#8243; _builder_version=\u00bb4.25.1&#8243; _module_preset=\u00bbdefault\u00bb background_color=\u00bbRGBA(255,255,255,0)\u00bb global_colors_info=\u00bb{}\u00bb][et_pb_row column_structure=\u00bb1_2,1_2&#8243; _builder_version=\u00bb4.26.1&#8243; _module_preset=\u00bbdefault\u00bb max_width=\u00bb80%\u00bb custom_margin=\u00bb2em||||false|false\u00bb custom_padding=\u00bb||0px||false|false\u00bb animation_style=\u00bbfade\u00bb global_colors_info=\u00bb{}\u00bb][et_pb_column type=\u00bb1_2&#8243; _builder_version=\u00bb4.25.1&#8243; _module_preset=\u00bbdefault\u00bb global_colors_info=\u00bb{}\u00bb][et_pb_text _builder_version=\u00bb4.26.1&#8243; _module_preset=\u00bbdefault\u00bb header_font=\u00bb||||||||\u00bb header_text_color=\u00bb#FFFFFF\u00bb header_font_size=\u00bb60px\u00bb custom_margin=\u00bb||10px||false|false\u00bb global_colors_info=\u00bb{}\u00bb]<\/p>\n<h1>Sobre sfm<\/h1>\n<p>[\/et_pb_text][\/et_pb_column][et_pb_column type=\u00bb1_2&#8243; _builder_version=\u00bb4.25.1&#8243; _module_preset=\u00bbdefault\u00bb global_colors_info=\u00bb{}\u00bb][\/et_pb_column][\/et_pb_row][et_pb_row column_structure=\u00bb1_2,1_2&#8243; _builder_version=\u00bb4.26.1&#8243; _module_preset=\u00bbdefault\u00bb max_width=\u00bb80%\u00bb animation_style=\u00bbfade\u00bb global_colors_info=\u00bb{}\u00bb][et_pb_column type=\u00bb1_2&#8243; _builder_version=\u00bb4.25.1&#8243; _module_preset=\u00bbdefault\u00bb global_colors_info=\u00bb{}\u00bb][et_pb_text module_class=\u00bbswiper\u00bb _builder_version=\u00bb4.27.0&#8243; _module_preset=\u00bbdefault\u00bb text_font=\u00bbInter|300|||||||\u00bb text_text_color=\u00bb#FFFFFF\u00bb text_font_size=\u00bb22px\u00bb text_line_height=\u00bb1.4em\u00bb link_font=\u00bb||||on||||\u00bb link_text_color=\u00bb#FFFFFF\u00bb custom_margin=\u00bb||3em||false|false\u00bb custom_margin_tablet=\u00bb||3em||false|false\u00bb custom_margin_phone=\u00bb||1em||false|false\u00bb custom_margin_last_edited=\u00bbon|phone\u00bb hover_enabled=\u00bb0&#8243; locked=\u00bboff\u00bb global_colors_info=\u00bb{}\u00bb sticky_enabled=\u00bb0&#8243;]<\/p>\n<p>Somos Sweet Film Memories, una productora independente catalana de cine y televisi\u00f3n.<\/p>\n<p>Al frente de esta aventura creativa, nuestra fundadora, CEO y productora ejecutiva, Olga Parera. Con m\u00e1s 10 a\u00f1os de experiencia en el mundo audiovisual como traductora de doblaje, el paso a la producci\u00f3n ejecutiva ha resultado inevitable.<\/p>\n<p>[\/et_pb_text][\/et_pb_column][et_pb_column type=\u00bb1_2&#8243; _builder_version=\u00bb4.25.1&#8243; _module_preset=\u00bbdefault\u00bb global_colors_info=\u00bb{}\u00bb][et_pb_text module_class=\u00bbswiper\u00bb _builder_version=\u00bb4.27.0&#8243; _module_preset=\u00bbdefault\u00bb text_font=\u00bbInter|300|||||||\u00bb text_text_color=\u00bb#FFFFFF\u00bb text_font_size=\u00bb22px\u00bb text_line_height=\u00bb1.4em\u00bb link_font=\u00bb||||on||||\u00bb link_text_color=\u00bb#FFFFFF\u00bb custom_margin=\u00bb||2em||false|false\u00bb hover_enabled=\u00bb0&#8243; locked=\u00bboff\u00bb global_colors_info=\u00bb{}\u00bb sticky_enabled=\u00bb0&#8243;]<\/p>\n<p>Para ella, la productora tiene 5 objetivos:<\/p>\n<p>[\/et_pb_text][et_pb_blurb image=\u00bbhttps:\/\/sweetfilmmemories.com\/wp-content\/uploads\/2024\/07\/1.png\u00bb icon_placement=\u00bbleft\u00bb image_icon_width=\u00bb50%\u00bb _builder_version=\u00bb4.27.0&#8243; _module_preset=\u00bbdefault\u00bb body_font=\u00bbInter|300|||||||\u00bb body_text_color=\u00bb#FFFFFF\u00bb body_font_size=\u00bb22px\u00bb body_line_height=\u00bb1.4em\u00bb image_icon_custom_margin=\u00bb||||false|false\u00bb custom_margin=\u00bb||15px|-30px|false|false\u00bb custom_margin_tablet=\u00bb||15px|-30px|false|false\u00bb custom_margin_phone=\u00bb||15px|0px|false|false\u00bb custom_margin_last_edited=\u00bbon|phone\u00bb custom_padding=\u00bb||||false|false\u00bb animation_style=\u00bbfade\u00bb animation=\u00bboff\u00bb hover_enabled=\u00bb0&#8243; global_colors_info=\u00bb{}\u00bb sticky_enabled=\u00bb0&#8243;]<\/p>\n<p>Convertir historias en recuerdos dulces para no olvidar<\/p>\n<p>[\/et_pb_blurb][et_pb_blurb image=\u00bbhttps:\/\/sweetfilmmemories.com\/wp-content\/uploads\/2024\/07\/2.png\u00bb icon_placement=\u00bbleft\u00bb image_icon_width=\u00bb60%\u00bb _builder_version=\u00bb4.26.1&#8243; _module_preset=\u00bbdefault\u00bb body_font=\u00bbInter|300|||||||\u00bb body_text_color=\u00bb#FFFFFF\u00bb body_font_size=\u00bb22px\u00bb body_line_height=\u00bb1.4em\u00bb image_icon_custom_margin=\u00bb||||false|false\u00bb custom_margin=\u00bb||15px|-30px|false|false\u00bb custom_margin_tablet=\u00bb||15px|-30px|false|false\u00bb custom_margin_phone=\u00bb||15px|0px|false|false\u00bb custom_margin_last_edited=\u00bbon|phone\u00bb animation_style=\u00bbfade\u00bb animation=\u00bboff\u00bb global_colors_info=\u00bb{}\u00bb]Llevar la magia de la literatura a la pantalla[\/et_pb_blurb][et_pb_blurb image=\u00bbhttps:\/\/sweetfilmmemories.com\/wp-content\/uploads\/2024\/07\/3.png\u00bb icon_placement=\u00bbleft\u00bb image_icon_width=\u00bb60%\u00bb _builder_version=\u00bb4.26.1&#8243; _module_preset=\u00bbdefault\u00bb body_font=\u00bbInter|300|||||||\u00bb body_text_color=\u00bb#FFFFFF\u00bb body_font_size=\u00bb22px\u00bb body_line_height=\u00bb1.4em\u00bb image_icon_custom_margin=\u00bb||||false|false\u00bb custom_margin=\u00bb||15px|-30px|false|false\u00bb custom_margin_tablet=\u00bb||15px|-30px|false|false\u00bb custom_margin_phone=\u00bb||15px|0px|false|false\u00bb custom_margin_last_edited=\u00bbon|phone\u00bb animation_style=\u00bbfade\u00bb animation=\u00bboff\u00bb global_colors_info=\u00bb{}\u00bb]<\/p>\n<p>Producir a nivel nacional e internacional, dando visibilidad a idiomas y culturas diferentes, y gestionar su posterior doblaje y subtitulaci\u00f3n<\/p>\n<p>[\/et_pb_blurb][et_pb_blurb image=\u00bbhttps:\/\/sweetfilmmemories.com\/wp-content\/uploads\/2024\/07\/4.png\u00bb icon_placement=\u00bbleft\u00bb image_icon_width=\u00bb60%\u00bb _builder_version=\u00bb4.26.1&#8243; _module_preset=\u00bbdefault\u00bb body_font=\u00bbInter|300|||||||\u00bb body_text_color=\u00bb#FFFFFF\u00bb body_font_size=\u00bb22px\u00bb body_line_height=\u00bb1.4em\u00bb image_icon_custom_margin=\u00bb||||false|false\u00bb custom_margin=\u00bb||15px|-30px|false|false\u00bb custom_margin_tablet=\u00bb||15px|-30px|false|false\u00bb custom_margin_phone=\u00bb||15px|0px|false|false\u00bb custom_margin_last_edited=\u00bbon|phone\u00bb animation_style=\u00bbfade\u00bb animation=\u00bboff\u00bb global_colors_info=\u00bb{}\u00bb]Crear proyectos innovadores, originales y enriquecedores[\/et_pb_blurb][et_pb_blurb image=\u00bbhttps:\/\/sweetfilmmemories.com\/wp-content\/uploads\/2024\/07\/5.png\u00bb icon_placement=\u00bbleft\u00bb image_icon_width=\u00bb60%\u00bb _builder_version=\u00bb4.26.1&#8243; _module_preset=\u00bbdefault\u00bb body_font=\u00bbInter|300|||||||\u00bb body_text_color=\u00bb#FFFFFF\u00bb body_font_size=\u00bb22px\u00bb body_line_height=\u00bb1.4em\u00bb image_icon_custom_margin=\u00bb||||false|false\u00bb custom_margin=\u00bb||2em|-30px|false|false\u00bb custom_margin_tablet=\u00bb||2em|-30px|false|false\u00bb custom_margin_phone=\u00bb||2em|0px|false|false\u00bb custom_margin_last_edited=\u00bbon|phone\u00bb animation_style=\u00bbfade\u00bb animation=\u00bboff\u00bb global_colors_info=\u00bb{}\u00bb]<\/p>\n<p>Colaborar con grandes talentos y nuevos talentos para llevar a cabo proyectos con alma y pasi\u00f3n.<\/p>\n<p>[\/et_pb_blurb][et_pb_text module_class=\u00bbswiper\u00bb _builder_version=\u00bb4.27.0&#8243; _module_preset=\u00bbdefault\u00bb text_font=\u00bbInter|300|||||||\u00bb text_text_color=\u00bb#FFFFFF\u00bb text_font_size=\u00bb22px\u00bb text_line_height=\u00bb1.4em\u00bb link_font=\u00bb||||on||||\u00bb link_text_color=\u00bb#FFFFFF\u00bb custom_margin=\u00bb||2em||false|false\u00bb hover_enabled=\u00bb0&#8243; locked=\u00bboff\u00bb global_colors_info=\u00bb{}\u00bb sticky_enabled=\u00bb0&#8243;]<\/p>\n<p>Nos encontramos desarrollando nuestros primeros proyectos, \u00a1no nos perd\u00e1is la pista!<\/p>\n<p>[\/et_pb_text][\/et_pb_column][\/et_pb_row][\/et_pb_section]<\/p>\n","protected":false},"excerpt":{"rendered":"<p>Sobre sfmSomos Sweet Film Memories, una productora independente catalana de cine y televisi\u00f3n. Al frente de esta aventura creativa, nuestra fundadora, CEO y productora ejecutiva, Olga Parera. Con m\u00e1s 10 a\u00f1os de experiencia en el mundo audiovisual como traductora de doblaje, el paso a la producci\u00f3n ejecutiva ha resultado inevitable.Para ella, la productora tiene 5 objetivos:Convertir historias en recuerdos dulces para no olvidarLlevar la magia de la literatura a la pantallaProducir a nivel nacional e internacional, dando visibilidad a idiomas y culturas diferentes, y gestionar su posterior doblaje y subtitulaci\u00f3nCrear proyectos innovadores, originales y enriquecedoresColaborar con grandes talentos y nuevos talentos para llevar a cabo proyectos con alma y pasi\u00f3n.Nos encontramos desarrollando nuestros primeros proyectos, \u00a1no nos perd\u00e1is la pista!<\/p>\n","protected":false},"author":1,"featured_media":0,"parent":0,"menu_order":0,"comment_status":"closed","ping_status":"closed","template":"","meta":{"_et_pb_use_builder":"on","_et_pb_old_content":"","_et_gb_content_width":"","footnotes":""},"class_list":["post-225","page","type-page","status-publish","hentry"],"_links":{"self":[{"href":"https:\/\/sweetfilmmemories.com\/es\/wp-json\/wp\/v2\/pages\/225","targetHints":{"allow":["GET"]}}],"collection":[{"href":"https:\/\/sweetfilmmemories.com\/es\/wp-json\/wp\/v2\/pages"}],"about":[{"href":"https:\/\/sweetfilmmemories.com\/es\/wp-json\/wp\/v2\/types\/page"}],"author":[{"embeddable":true,"href":"https:\/\/sweetfilmmemories.com\/es\/wp-json\/wp\/v2\/users\/1"}],"replies":[{"embeddable":true,"href":"https:\/\/sweetfilmmemories.com\/es\/wp-json\/wp\/v2\/comments?post=225"}],"version-history":[{"count":16,"href":"https:\/\/sweetfilmmemories.com\/es\/wp-json\/wp\/v2\/pages\/225\/revisions"}],"predecessor-version":[{"id":394,"href":"https:\/\/sweetfilmmemories.com\/es\/wp-json\/wp\/v2\/pages\/225\/revisions\/394"}],"wp:attachment":[{"href":"https:\/\/sweetfilmmemories.com\/es\/wp-json\/wp\/v2\/media?parent=225"}],"curies":[{"name":"wp","href":"https:\/\/api.w.org\/{rel}","templated":true}]}}