{"id":237,"date":"2024-07-17T10:10:04","date_gmt":"2024-07-17T10:10:04","guid":{"rendered":"https:\/\/sweetfilmmemories.com\/politica-de-privacidad"},"modified":"2024-07-23T17:19:59","modified_gmt":"2024-07-23T17:19:59","slug":"politica-de-privacidad","status":"publish","type":"page","link":"https:\/\/sweetfilmmemories.com\/es\/politica-de-privacidad","title":{"rendered":"Pol\u00edtica de privacidad"},"content":{"rendered":"<p>[et_pb_section fb_built=\u00bb1&#8243; _builder_version=\u00bb4.26.1&#8243; _module_preset=\u00bbdefault\u00bb background_color=\u00bb#A21A40&#8243; global_colors_info=\u00bb{}\u00bb][et_pb_row column_structure=\u00bb3_4,1_4&#8243; _builder_version=\u00bb4.26.1&#8243; _module_preset=\u00bbdefault\u00bb max_width=\u00bb80%\u00bb custom_margin=\u00bb2em||||false|false\u00bb global_colors_info=\u00bb{}\u00bb][et_pb_column type=\u00bb3_4&#8243; _builder_version=\u00bb4.26.1&#8243; _module_preset=\u00bbdefault\u00bb global_colors_info=\u00bb{}\u00bb][et_pb_text _builder_version=\u00bb4.26.1&#8243; _module_preset=\u00bbdefault\u00bb header_font=\u00bb||||||||\u00bb header_text_color=\u00bb#FFFFFF\u00bb header_font_size=\u00bb64px\u00bb locked=\u00bboff\u00bb global_colors_info=\u00bb{}\u00bb]<\/p>\n<h1>Pol\u00edtica de privacidad<\/h1>\n<p>[\/et_pb_text][\/et_pb_column][et_pb_column type=\u00bb1_4&#8243; _builder_version=\u00bb4.26.1&#8243; _module_preset=\u00bbdefault\u00bb global_colors_info=\u00bb{}\u00bb][\/et_pb_column][\/et_pb_row][et_pb_row column_structure=\u00bb3_4,1_4&#8243; _builder_version=\u00bb4.26.1&#8243; _module_preset=\u00bbdefault\u00bb max_width=\u00bb80%\u00bb global_colors_info=\u00bb{}\u00bb][et_pb_column type=\u00bb3_4&#8243; _builder_version=\u00bb4.26.1&#8243; _module_preset=\u00bbdefault\u00bb global_colors_info=\u00bb{}\u00bb][et_pb_text _builder_version=\u00bb4.26.1&#8243; _module_preset=\u00bbdefault\u00bb header_3_text_color=\u00bb#FFFFFF\u00bb global_colors_info=\u00bb{}\u00bb]<\/p>\n<h3 style=\"font-size: 40px;\">Introducci\u00f3n<\/h3>\n<p>[\/et_pb_text][et_pb_text _builder_version=\u00bb4.26.1&#8243; _module_preset=\u00bbdefault\u00bb text_text_color=\u00bb#FFFFFF\u00bb global_colors_info=\u00bb{}\u00bb]<\/p>\n<p><span style=\"font-size: large;\">En SWEET FILM MEMORIES, S.L., sensibilizados con las necesidades de los usuarios de Internet y conscientes de la importancia de la rigurosa <span>privacidad de la informaci\u00f3n personal que nos confi\u00e1is<\/span>, incluimos esta declaraci\u00f3n de privacidad con el objeto de que seas consciente de la pol\u00edtica en el tratamiento de los datos personales que se obtienen de los visitantes y usuarios. <\/span><\/p>\n<p><span style=\"font-size: large;\">Como usuario, aceptas estas condiciones por el mero hecho de leer, visualizar o navegar en la web. Si no las aceptas, debes abandonar la web, sin hacer uso de ella ni de su contenido, y sin acceder a las p\u00e1ginas enlazadas. <\/span><\/p>\n<p>[\/et_pb_text][et_pb_text _builder_version=\u00bb4.26.1&#8243; _module_preset=\u00bbdefault\u00bb header_3_text_color=\u00bb#FFFFFF\u00bb global_colors_info=\u00bb{}\u00bb]<\/p>\n<h3 style=\"font-size: 40px;\">Responsable del tratamiento de datos<\/h3>\n<p>[\/et_pb_text][et_pb_text _builder_version=\u00bb4.26.1&#8243; _module_preset=\u00bbdefault\u00bb text_text_color=\u00bb#FFFFFF\u00bb custom_padding=\u00bb||0px|||\u00bb global_colors_info=\u00bb{}\u00bb]<\/p>\n<p><span style=\"font-size: large;\">El titular del sitio web y responsable del tratamiento de datos es SWEET FILM MEMORIES, S.L., con CIF B16451205: <span>Para contactar, puedes utilizar la direcci\u00f3n de correo electr\u00f3nico<\/span>: OLGA@SWEETFILMMEMORIES.COM. <span>o dirigir-te a<\/span> HTTPS:\/\/SWEETFILMMEMORIES.COM <\/span><\/p>\n<p>[\/et_pb_text][et_pb_text _builder_version=\u00bb4.26.1&#8243; _module_preset=\u00bbdefault\u00bb header_3_text_color=\u00bb#FFFFFF\u00bb global_colors_info=\u00bb{}\u00bb]<\/p>\n<h3 style=\"font-size: 40px;\">Finalidades del tratamiento de datos <\/h3>\n<p>[\/et_pb_text][et_pb_text _builder_version=\u00bb4.26.1&#8243; _module_preset=\u00bbdefault\u00bb text_text_color=\u00bb#FFFFFF\u00bb custom_padding=\u00bb||0px|||\u00bb global_colors_info=\u00bb{}\u00bb]<\/p>\n<p><span style=\"font-size: large;\">En nuestra web, existen apartados espec\u00edficos en los que puedes anotar tus datos para recibir informaci\u00f3n sobre actualizaciones de nuestra web y de algunos programas que se distribuyen. Nosotros te aseguramos que la informaci\u00f3n que nos facilites ser\u00e1 gestionada de forma confidencial. <\/span><\/p>\n<p><span style=\"font-size: large;\">\u00b7 Formulario de contacto: mantener contacto contigo u otras acciones requeridas.<\/span><br \/><span style=\"font-size: large;\"> \u00b7 Suscripci\u00f3n a bolet\u00edn: enviar boletines a tu direcci\u00f3n de correo electr\u00f3nico.<\/span><br \/><span style=\"font-size: large;\"> \u00b7 Los datos se almacenar\u00e1n mientras exista una previsi\u00f3n de su uso para el fin para el que fueron recogidos.<\/span><br \/><span style=\"font-size: large;\"> \u00b7 No se realizan tomas de decisiones automatizadas con tus datos.<\/span><br \/><span style=\"font-size: large;\"> \u00b7 La web puede utilizar cookies. <\/span><\/p>\n<p>[\/et_pb_text][et_pb_text _builder_version=\u00bb4.26.1&#8243; _module_preset=\u00bbdefault\u00bb header_3_text_color=\u00bb#FFFFFF\u00bb global_colors_info=\u00bb{}\u00bb]<\/p>\n<h3 style=\"font-size: 40px;\">Legitimaci\u00f3n <\/h3>\n<p>[\/et_pb_text][et_pb_text _builder_version=\u00bb4.26.1&#8243; _module_preset=\u00bbdefault\u00bb text_text_color=\u00bb#FFFFFF\u00bb custom_padding=\u00bb||0px|||\u00bb global_colors_info=\u00bb{}\u00bb]<\/p>\n<p><span style=\"font-size: large;\">El uso de tus datos se efect\u00faa porque nos das tu consentimiento para utilizar los que nos proporcionas en los formularios para un uso espec\u00edfico que se indica en cada uno de ellos. Todos tus datos solo son necesarios para usos concretos por los que se te solicitan. Si no lo haces, estos servicios no son posibles. <\/span><\/p>\n<p>[\/et_pb_text][et_pb_text _builder_version=\u00bb4.26.1&#8243; _module_preset=\u00bbdefault\u00bb header_3_text_color=\u00bb#FFFFFF\u00bb global_colors_info=\u00bb{}\u00bb]<\/p>\n<h3 style=\"font-size: 40px;\">Destinatarios de sus datos <\/h3>\n<p>[\/et_pb_text][et_pb_text _builder_version=\u00bb4.26.1&#8243; _module_preset=\u00bbdefault\u00bb text_text_color=\u00bb#FFFFFF\u00bb custom_padding=\u00bb||0px|||\u00bb hover_enabled=\u00bb0&#8243; global_colors_info=\u00bb{}\u00bb sticky_enabled=\u00bb0&#8243;]<\/p>\n<p><span style=\"font-size: large;\">Existe un compromiso firme por nuestra parte que los datos que proporciones a SWEET FILM MEMORIES, S.L., no ser\u00e1n vendidos ni cedidos a terceras personas sin tu previo consentimiento, para ning\u00fan concepto o circunstancia, salvo consentimiento expreso u obligaci\u00f3n legal. <\/span><\/p>\n<p><span style=\"font-size: large;\">Nuestra web contiene enlaces a otras webs de terceros. SWEET FILM MEMORIES, S.L. no se hace responsable de las pol\u00edticas y pr\u00e1cticas de privacidad de estas otras webs. <\/span><\/p>\n<p>[\/et_pb_text][et_pb_text _builder_version=\u00bb4.26.1&#8243; _module_preset=\u00bbdefault\u00bb header_3_text_color=\u00bb#FFFFFF\u00bb global_colors_info=\u00bb{}\u00bb]<\/p>\n<h3 style=\"font-size: 40px;\">Tus derechos<\/h3>\n<p>[\/et_pb_text][et_pb_text _builder_version=\u00bb4.26.1&#8243; _module_preset=\u00bbdefault\u00bb text_text_color=\u00bb#FFFFFF\u00bb custom_padding=\u00bb||0px|||\u00bb global_colors_info=\u00bb{}\u00bb]<\/p>\n<p><span style=\"font-size: large;\"><span>Tienes derecho a acceder a la informaci\u00f3n sobre tu persona que est\u00e9 almacenada en nuestras bases de datos<\/span>, rectificarla en caso de error, suprimirla, limitarla, oponerte a su tratamiento y retirar su consentimiento si \u00e9ste es tu deseo. Para ello solo tienes que escribir un email a la direcci\u00f3n de correo electr\u00f3nico: OLGA@SWEETFILMMEMORIES.COM donde te responderemos a cualquier consulta, comentario, aclaraci\u00f3n que nos hagas al respecto. <\/span><\/p>\n<p><span style=\"font-size: large;\">Para m\u00e1s informaci\u00f3n sobre temas relacionados, la web de referencia de la Red espa\u00f1ola es la Agencia de Protecci\u00f3n de Datos, en la que tienes derecho a reclamar. <\/span><\/p>\n<p>[\/et_pb_text][\/et_pb_column][et_pb_column type=\u00bb1_4&#8243; _builder_version=\u00bb4.26.1&#8243; _module_preset=\u00bbdefault\u00bb global_colors_info=\u00bb{}\u00bb][\/et_pb_column][\/et_pb_row][\/et_pb_section]<\/p>\n","protected":false},"excerpt":{"rendered":"<p>Pol\u00edtica de privacidadIntroducci\u00f3nEn SWEET FILM MEMORIES, S.L., sensibilizados con las necesidades de los usuarios de Internet y conscientes de la importancia de la rigurosa privacidad de la informaci\u00f3n personal que nos confi\u00e1is, incluimos esta declaraci\u00f3n de privacidad con el objeto de que seas consciente de la pol\u00edtica en el tratamiento de los datos personales que se obtienen de los visitantes y usuarios. Como usuario, aceptas estas condiciones por el mero hecho de leer, visualizar o navegar en la web. Si no las aceptas, debes abandonar la web, sin hacer uso de ella ni de su contenido, y sin acceder a las p\u00e1ginas enlazadas. Responsable del tratamiento de datosEl titular del sitio web y responsable del tratamiento de datos es SWEET FILM MEMORIES, S.L., con CIF B16451205: Para contactar, puedes utilizar la direcci\u00f3n de correo electr\u00f3nico: OLGA@SWEETFILMMEMORIES.COM. o dirigir-te a HTTPS:\/\/SWEETFILMMEMORIES.COM Finalidades del tratamiento de datos En nuestra web, existen apartados espec\u00edficos en los que puedes anotar tus datos para recibir informaci\u00f3n sobre actualizaciones de nuestra web y de algunos programas que se distribuyen. Nosotros te aseguramos que la informaci\u00f3n que nos facilites ser\u00e1 gestionada de forma confidencial. \u00b7 Formulario de contacto: mantener contacto contigo u otras acciones requeridas. \u00b7 Suscripci\u00f3n [&hellip;]<\/p>\n","protected":false},"author":1,"featured_media":0,"parent":0,"menu_order":0,"comment_status":"closed","ping_status":"closed","template":"","meta":{"_et_pb_use_builder":"on","_et_pb_old_content":"","_et_gb_content_width":"","footnotes":""},"class_list":["post-237","page","type-page","status-publish","hentry"],"_links":{"self":[{"href":"https:\/\/sweetfilmmemories.com\/es\/wp-json\/wp\/v2\/pages\/237","targetHints":{"allow":["GET"]}}],"collection":[{"href":"https:\/\/sweetfilmmemories.com\/es\/wp-json\/wp\/v2\/pages"}],"about":[{"href":"https:\/\/sweetfilmmemories.com\/es\/wp-json\/wp\/v2\/types\/page"}],"author":[{"embeddable":true,"href":"https:\/\/sweetfilmmemories.com\/es\/wp-json\/wp\/v2\/users\/1"}],"replies":[{"embeddable":true,"href":"https:\/\/sweetfilmmemories.com\/es\/wp-json\/wp\/v2\/comments?post=237"}],"version-history":[{"count":2,"href":"https:\/\/sweetfilmmemories.com\/es\/wp-json\/wp\/v2\/pages\/237\/revisions"}],"predecessor-version":[{"id":239,"href":"https:\/\/sweetfilmmemories.com\/es\/wp-json\/wp\/v2\/pages\/237\/revisions\/239"}],"wp:attachment":[{"href":"https:\/\/sweetfilmmemories.com\/es\/wp-json\/wp\/v2\/media?parent=237"}],"curies":[{"name":"wp","href":"https:\/\/api.w.org\/{rel}","templated":true}]}}