{"id":243,"date":"2024-07-17T10:10:38","date_gmt":"2024-07-17T10:10:38","guid":{"rendered":"https:\/\/sweetfilmmemories.com\/aviso-legal"},"modified":"2024-07-23T18:03:30","modified_gmt":"2024-07-23T18:03:30","slug":"aviso-legal","status":"publish","type":"page","link":"https:\/\/sweetfilmmemories.com\/es\/aviso-legal","title":{"rendered":"Aviso legal"},"content":{"rendered":"<p>[et_pb_section fb_built=\u00bb1&#8243; _builder_version=\u00bb4.26.1&#8243; _module_preset=\u00bbdefault\u00bb background_color=\u00bb#A21A40&#8243; global_colors_info=\u00bb{}\u00bb][et_pb_row column_structure=\u00bb3_4,1_4&#8243; _builder_version=\u00bb4.26.1&#8243; _module_preset=\u00bbdefault\u00bb max_width=\u00bb80%\u00bb hover_enabled=\u00bb0&#8243; global_colors_info=\u00bb{}\u00bb custom_margin=\u00bb2em||||false|false\u00bb sticky_enabled=\u00bb0&#8243;][et_pb_column type=\u00bb3_4&#8243; _builder_version=\u00bb4.26.1&#8243; _module_preset=\u00bbdefault\u00bb global_colors_info=\u00bb{}\u00bb][et_pb_text _builder_version=\u00bb4.26.1&#8243; _module_preset=\u00bbdefault\u00bb header_font=\u00bb||||||||\u00bb header_text_color=\u00bb#FFFFFF\u00bb header_font_size=\u00bb64px\u00bb global_colors_info=\u00bb{}\u00bb]<\/p>\n<h1>Aviso legal<\/h1>\n<p>[\/et_pb_text][\/et_pb_column][et_pb_column type=\u00bb1_4&#8243; _builder_version=\u00bb4.26.1&#8243; _module_preset=\u00bbdefault\u00bb global_colors_info=\u00bb{}\u00bb][\/et_pb_column][\/et_pb_row][et_pb_row column_structure=\u00bb3_4,1_4&#8243; _builder_version=\u00bb4.26.1&#8243; _module_preset=\u00bbdefault\u00bb max_width=\u00bb80%\u00bb global_colors_info=\u00bb{}\u00bb][et_pb_column type=\u00bb3_4&#8243; _builder_version=\u00bb4.26.1&#8243; _module_preset=\u00bbdefault\u00bb global_colors_info=\u00bb{}\u00bb][et_pb_text _builder_version=\u00bb4.26.1&#8243; _module_preset=\u00bbdefault\u00bb header_3_text_color=\u00bb#FFFFFF\u00bb global_colors_info=\u00bb{}\u00bb]<\/p>\n<h3 style=\"font-size: 40px;\">Ley aplicable y jurisdicci\u00f3n<\/h3>\n<p>[\/et_pb_text][et_pb_text _builder_version=\u00bb4.26.1&#8243; _module_preset=\u00bbdefault\u00bb text_text_color=\u00bb#FFFFFF\u00bb hover_enabled=\u00bb0&#8243; global_colors_info=\u00bb{}\u00bb sticky_enabled=\u00bb0&#8243;]<\/p>\n<p><span style=\"font-size: large;\">Las presentes condiciones generales se rigen por la Legislaci\u00f3n Espa\u00f1ola vigente, siendo competentes los Juzgados y Tribunales espa\u00f1oles para conocer cu\u00e1ntas cuestiones se suscitan sobre la interpretaci\u00f3n, aplicaci\u00f3n y cumplimiento de \u00e9stas, as\u00ed como de las reclamaciones que puedan derivarse de su uso.<\/span><\/p>\n<p><span style=\"font-size: large;\">Las partes que intervienen renuncian expresamente a la jurisdicci\u00f3n que les puede corresponder y se someten expresamente a los Juzgados y Tribunales de Sabadell para resolver cualquier controversia que pueda surgir en la interpretaci\u00f3n ejecuci\u00f3n de las presentes condiciones contractuales.<\/span><\/p>\n<p><span style=\"font-size: large;\">El usuario, en virtud de su aceptaci\u00f3n a las condiciones generales recogidas en este Aviso Legal, renuncia expresamente a cualquier fuero que, por aplicaci\u00f3n de la Ley de <i>Enjuiciamiento Civil <\/i>vigente le corresponda.<\/span><\/p>\n<p>[\/et_pb_text][et_pb_text _builder_version=\u00bb4.26.1&#8243; _module_preset=\u00bbdefault\u00bb header_3_text_color=\u00bb#FFFFFF\u00bb global_colors_info=\u00bb{}\u00bb]<\/p>\n<h3 style=\"font-size: 40px;\">Datos identificativos de la titularidad del sitio web<\/h3>\n<p>[\/et_pb_text][et_pb_text _builder_version=\u00bb4.26.1&#8243; _module_preset=\u00bbdefault\u00bb text_text_color=\u00bb#FFFFFF\u00bb hover_enabled=\u00bb0&#8243; global_colors_info=\u00bb{}\u00bb sticky_enabled=\u00bb0&#8243;]<\/p>\n<p><span style=\"font-size: large;\">En cumplimiento del deber de informaci\u00f3n legal estipulado en la Ley de Servicios de la Sociedad de la Informaci\u00f3n y de Comercio Electr\u00f3nico (LSSII) y de acuerdo con las obligaciones previstas en la Ley 34\/2002, de Servicios de la Sociedad de la Informaci\u00f3n y de Comercio Electr\u00f3nico (en adelante LSSI), manifiesta los siguientes datos identificativos: <\/span><\/p>\n<p><span style=\"font-size: large;\">Propiedad:\u202fSWEET FILM MEMORIES, S.L.<\/span><br \/><span style=\"font-size: large;\"> CIF:\u202fB16451205<\/span><br \/><span style=\"font-size: large;\">Direcci\u00f3n postal:\u202fCONCEPCI\u00d3N ARENAL, 19 BIS 08204, SABADELL.<\/span><br \/><span style=\"font-size: large;\"> Correo electr\u00f3nico:\u202fOLGA@SWEETFILMMEMORIES.COM<\/span><br \/><span style=\"font-size: large;\"> Dominio web: HTTPS:\/\/SWEETFILMMEMORIES.COM<\/span><br \/><span style=\"font-size: large;\">Redes sociales: Instagram, LinkedIn y X<\/span><\/p>\n<p>[\/et_pb_text][et_pb_text _builder_version=\u00bb4.26.1&#8243; _module_preset=\u00bbdefault\u00bb header_3_text_color=\u00bb#FFFFFF\u00bb global_colors_info=\u00bb{}\u00bb]<\/p>\n<h3 style=\"font-size: 40px;\">Objeto del Aviso Legal<\/h3>\n<p>[\/et_pb_text][et_pb_text _builder_version=\u00bb4.26.1&#8243; _module_preset=\u00bbdefault\u00bb text_text_color=\u00bb#FFFFFF\u00bb hover_enabled=\u00bb0&#8243; global_colors_info=\u00bb{}\u00bb sticky_enabled=\u00bb0&#8243;]<\/p>\n<p><span style=\"font-size: large;\">La informaci\u00f3n presente en este Aviso Legal regula el acceso y utilizaci\u00f3n del sitio web que SWEET FILM MEMORIES, S.L. pone a disposici\u00f3n de los usuarios de Internet. <\/span><\/p>\n<p><span style=\"font-size: large;\">Se considera usuario a la persona que accede, navega, utilice o participe de los servicios y actividades de la p\u00e1gina web. <\/span><\/p>\n<p><span style=\"font-size: large;\">De esta forma este documento comunica la informaci\u00f3n que conforma y regula las condiciones de uso de esta p\u00e1gina, las limitaciones de responsabilidad y las obligaciones que los usuarios del sitio web que se publica bajo el dominio HTTPS:\/\/SWEETFILMMEMORIES.COM, asumen y se comprometen a respetar. <\/span><\/p>\n<p><span style=\"font-size: large;\">El usuario queda as\u00ed informado y acepta que el acceso a la presente web no supone, en ning\u00fan caso, el inicio de una relaci\u00f3n comercial con SWEET FILM MEMORIES, S.L. <\/span><\/p>\n<p><span style=\"font-size: large;\">El acceso y navegaci\u00f3n del presente sitio web por parte del usuario supone la aceptaci\u00f3n de la totalidad de las presentes condiciones de uso. En caso de desacuerdo con las condiciones el usuario debe abstenerse a utilizar el dominio HTTPS:\/\/SWEETFILMMEMORIES.COM  <\/span><\/p>\n<p>[\/et_pb_text][et_pb_text _builder_version=\u00bb4.26.1&#8243; _module_preset=\u00bbdefault\u00bb header_3_text_color=\u00bb#FFFFFF\u00bb global_colors_info=\u00bb{}\u00bb]<\/p>\n<h3 style=\"font-size: 40px;\">Condiciones de uso<\/h3>\n<p>[\/et_pb_text][et_pb_text _builder_version=\u00bb4.26.1&#8243; _module_preset=\u00bbdefault\u00bb text_text_color=\u00bb#FFFFFF\u00bb global_colors_info=\u00bb{}\u00bb]<\/p>\n<p><span style=\"font-size: large;\">La utilizaci\u00f3n de HTTPS:\/\/SWEETFILMMEMORIES.COM otorga la condici\u00f3n de usuario de este sitio web, sea persona f\u00edsica o jur\u00eddica y obligatoriamente implica la aceptaci\u00f3n completa, plena y sin reservas de todas y cada una de las cl\u00e1usulas y condiciones generales incluidas en el presente Aviso Legal.<\/span><br \/><span style=\"font-size: large;\"> Si el usuario no estuviera conforme con ellas, se abstendr\u00e1 de utilizar HTTPS:\/\/SWEETFILMMEMORIES.COM. Este Aviso Legal est\u00e1 sujeto a cambios y actualizaciones. Por eso la versi\u00f3n publicada por SWEET FILM MEMORIES, S.L. puede ser diferente en cada momento en el que el usuario acceda al portal. Por tanto, el usuario debe leer el Aviso Legal en todas y cada una de las ocasiones que acceda a HTTPS:\/\/SWEETFILMMEMORIES.COM    <\/span><\/p>\n<p><span style=\"font-size: large;\">El usuario est\u00e1 obligado y se compromete a utilizar HTTPS:\/\/SWEETFILMMEMORIES.COM y los contenidos, conforme a la legislaci\u00f3n vigente, el Aviso Legal y cualquier otro aviso o instrucci\u00f3n que se pongan en conocimiento, ya sea a trav\u00e9s del mismo Aviso Legal o en cualquier lugar de los contenidos que conforman HTTPS:\/\/SWEETFILMMEMORIES.COM, como son las normas de convivencia, la moral y las buenas costumbres generalmente aceptadas. <\/span><\/p>\n<p><span style=\"font-size: large;\">En estos t\u00e9rminos, el usuario se obliga y compromete a no utilizar cualquiera de los contenidos con fines y efectos il\u00edcitos, prohibidos en el Aviso Legal o por la legislaci\u00f3n vigente, contrario a los derechos e intereses de terceros o que de cualquier modo puedan da\u00f1ar, inutilizar, sobrecargar, deteriorar o impedir el normal uso de los contenidos, equipos inform\u00e1ticos o documentos, archivos y toda clase de contenidos almacenados en cualquier equipo inform\u00e1tico propio o contratados por SWEET FILM MEMORIES, S.L., de otro usuario o de cualquier usuario de Internet, ya en el soporte f\u00edsico (hardware) como en sus aplicaciones (software). <\/span><\/p>\n<p><span style=\"font-size: large;\">As\u00ed pues, SWEET FILM MEMORIES, S.L. no puede asumir responsabilidad alguna derivada del uso incorrecto, inadecuado o il\u00edcito de la informaci\u00f3n aparecida en sus p\u00e1ginas de Internet o presencia online en las diversas redes sociales. <\/span><\/p>\n<p><span style=\"font-size: large;\">Con los l\u00edmites establecidos en la ley, SWEET FILM MEMORIES, S.L. no asume responsabilidad alguna derivada de la falta de veracidad, integridad, actualizaci\u00f3n y precisi\u00f3n de los datos o informaciones que se contienen en sus medios online. <\/span><\/p>\n<p><span style=\"font-size: large;\">Los contenidos e informaci\u00f3n de las p\u00e1ginas de Internet y redes sociales de SWEET FILM MEMORIES, S.L. est\u00e1n elaboradas por proveedores de SWEET FILM MEMORIES, S.L. debidamente calificados para el ejercicio de su profesi\u00f3n. Sin embargo, los contenidos e informaci\u00f3n no vinculan a SWEET FILM MEMORIES, S.L. ni constituyen opiniones, consejos o asesoramiento legal de ninguna clase dado que se trata meramente de un servicio ofrecido con car\u00e1cter informativo.  <\/span><\/p>\n<p>[\/et_pb_text][et_pb_text _builder_version=\u00bb4.26.1&#8243; _module_preset=\u00bbdefault\u00bb header_3_text_color=\u00bb#FFFFFF\u00bb global_colors_info=\u00bb{}\u00bb]<\/p>\n<h3 style=\"font-size: 40px;\">Enlaces (links)<\/h3>\n<p>[\/et_pb_text][et_pb_text _builder_version=\u00bb4.26.1&#8243; _module_preset=\u00bbdefault\u00bb text_text_color=\u00bb#FFFFFF\u00bb global_colors_info=\u00bb{}\u00bb]<\/p>\n<p><span style=\"font-size: large;\">Las p\u00e1ginas de Internet o redes sociales de SWEET FILM MEMORIES, S.L. pueden contener enlaces (links) a otras p\u00e1ginas de terceras partes. Su presencia es meramente informativa y en ning\u00fan caso supone sugerencia o invitaci\u00f3n sobre los mismos.  <\/span><\/p>\n<p><span style=\"font-size: large;\">SWEET FILM MEMORIES, S.L. no puede asumir responsabilidades por el contenido que pueda aparecer en p\u00e1ginas de terceros, por tanto no asume responsabilidad por los contenidos de los enlaces de un sitio web ajeno, tampoco se garantiza la fiabilidad, exactitud, amplitud, veracidad, validez y disponibilidad t\u00e9cnica. <\/span><\/p>\n<p><span style=\"font-size: large;\">Si se diera el caso de que otros sitios web establecieran enlaces a la p\u00e1gina web de SWEET FILM MEMORIES, S.L., no se entender\u00e1 que SWEET FILM MEMORIES, S.L. haya autorizado el enlace o contenido del sitio web que conduce al enlace, tampoco se pueden incluir en la p\u00e1gina del enlace contenidos inapropiados, difamatorios, ilegales, obscenos o il\u00edcitos, ni otros contenidos contrarios a la legalidad vigente. <\/span><\/p>\n<p><span style=\"font-size: large;\">SWEET FILM MEMORIES, S.L. se reserva la posibilidad de contactar con el propietario del sitio web donde se establece el enlace si considera que se incumple la normativa legal, puede en consecuencia, ejercer las correspondientes acciones judiciales y extrajudiciales. <\/span><\/p>\n<p><span style=\"font-size: large;\">Los textos, im\u00e1genes, sonidos, animaciones, software y dem\u00e1s contenidos incluidos en este sitio web son propiedad exclusiva de SWEET FILM MEMORIES, S.L. o sus licenciantes. <\/span><\/p>\n<p>[\/et_pb_text][et_pb_text _builder_version=\u00bb4.26.1&#8243; _module_preset=\u00bbdefault\u00bb header_3_text_color=\u00bb#FFFFFF\u00bb global_colors_info=\u00bb{}\u00bb]<\/p>\n<h3 style=\"font-size: 40px;\">Redes sociales<\/h3>\n<p>[\/et_pb_text][et_pb_text _builder_version=\u00bb4.26.1&#8243; _module_preset=\u00bbdefault\u00bb text_text_color=\u00bb#FFFFFF\u00bb global_colors_info=\u00bb{}\u00bb]<\/p>\n<p><span style=\"font-size: large;\">El usuario deber\u00e1 disponer de su perfil en estas redes sociales para poder interactuar con SWEET FILM MEMORIES, S.L. y as\u00ed acepte la relaci\u00f3n. Si as\u00ed se realiza, SWEET FILM MEMORIES, S.L. tendr\u00e1 acceso al perfil del usuario de acuerdo con los par\u00e1metros estipulados por la propia red social y podr\u00e1 interactuar con \u00e9l con el env\u00edo de mensajes y publicaciones.  <\/span><\/p>\n<p><span style=\"font-size: large;\">Si el usuario no desea que SWEET FILM MEMORIES, S.L. pueda acceder a su perfil o interrelacionar con \u00e9l ser\u00e1 necesario que se desvincule del perfil dejando de seguir o eliminar como amistad, seguidor o usuario. <\/span><\/p>\n<p><span style=\"font-size: large;\">Las actuaciones que lleve a cabo SWEET FILM MEMORIES, S.L. podr\u00e1n tener car\u00e1cter informativo y\/o divulgativo de sus servicios, considerando que la red social es un medio informativo, bajo la responsabilidad de SWEET FILM MEMORIES, S.L. en lo que se refiere a las publicaciones y comunicaciones que realizan por este medio digital. <\/span><\/p>\n<p><span style=\"font-size: large;\">Se recuerda a los usuarios que las publicaciones que realicen en las redes sociales son de su responsabilidad y es necesario respetar la legislaci\u00f3n y los derechos de terceros que se puedan afectar, con especial relevancia los derechos de propiedad intelectual, de protecci\u00f3n de datos y de la propia imagen de terceros, as\u00ed como las normas de las propias redes sociales. <\/span><\/p>\n<p>[\/et_pb_text][et_pb_text _builder_version=\u00bb4.26.1&#8243; _module_preset=\u00bbdefault\u00bb header_3_text_color=\u00bb#FFFFFF\u00bb global_colors_info=\u00bb{}\u00bb]<\/p>\n<h3 style=\"font-size: 40px;\">Propiedad industrial e intelectual<\/h3>\n<p>[\/et_pb_text][et_pb_text _builder_version=\u00bb4.26.1&#8243; _module_preset=\u00bbdefault\u00bb text_text_color=\u00bb#FFFFFF\u00bb global_colors_info=\u00bb{}\u00bb]<\/p>\n<p><span style=\"font-size: large;\">Esta web es propiedad de SWEET FILM MEMORIES, S.L.. Los derechos de Propiedad Intelectual y derechos de explotaci\u00f3n y reproducci\u00f3n de esta web, de sus p\u00e1ginas, de su presencia en redes sociales, pantallas, la informaci\u00f3n que contienen, su apariencia y dise\u00f1o, as\u00ed como los v\u00ednculos (\u00abhiperlinks\u00bb) que se establezcan y puedan establecerse desde ella en otras p\u00e1ginas web de cualquier centro adscrito u organismo dependiente, son propiedad exclusiva de SWEET FILM MEMORIES, S.L., salvo que expresamente se especifique otra cosa.  <\/span><\/p>\n<p><span style=\"font-size: large;\">Cualquier acto de transmisi\u00f3n, distribuci\u00f3n, cesi\u00f3n, reproducci\u00f3n, almacenamiento o comunicaci\u00f3n p\u00fablica total o parcial, debe contar con el consentimiento expreso de SWEET FILM MEMORIES, S.L. <\/span><\/p>\n<p><span style=\"font-size: large;\">Conforme a todo ello al usuario no le est\u00e1 permitido: <\/span><\/p>\n<p><span style=\"font-size: large;\">\u00b7 Reproducir, copiar, distribuir, poner a disposici\u00f3n o de cualquier otra forma comunicar p\u00fablicamente, transformar o modificar los contenidos, salvo que tenga autorizaci\u00f3n escrita y expl\u00edcita de SWEET FILM MEMORIES, S.L., que es titular de estos derechos, o bien que est\u00e9 legalmente permitido. <\/span><\/p>\n<p><span style=\"font-size: large;\">\u00b7 Suprimir, manipular o de cualquier forma alterar el \u201ccopyright\u201d y otros datos identificativos de la reserva de derechos de SWEET FILM MEMORIES, S.L. o de sus titulares, de las huellas y\/o identificadores digitales, marcas de agua o cualquier otro medio t\u00e9cnico establecidos por su reconocimiento. <\/span><\/p>\n<p><span style=\"font-size: large;\">Cualquier denominaci\u00f3n, dise\u00f1o y\/o logotipos, as\u00ed como cualquier servicio ofrecido y reflejado en esta p\u00e1gina web quedan bajo la propiedad industrial de SWEET FILM MEMORIES, S.L. <\/span><\/p>\n<p><span style=\"font-size: large;\">Cualquier uso indebido de las mismas por personas distintas de su leg\u00edtimo titular y sin el consentimiento expreso e inequ\u00edvoco por parte del mismo, podr\u00e1 ser denunciado y perseguido a trav\u00e9s de todos los medios legales existentes en el Ordenamiento Jur\u00eddico espa\u00f1ol y\/o comunitario. <\/span><\/p>\n<p><span style=\"font-size: large;\">Se considerar\u00e1n actitudes indebidas en la p\u00e1gina web y redes sociales por los usuarios: <\/span><\/p>\n<p><span style=\"font-size: large;\">\u00b7 Difundir, transmitir contenidos o materiales obscenos, as\u00ed como ir en contra de los Derechos Fundamentales de las personas. <\/span><\/p>\n<p><span style=\"font-size: large;\">\u00b7 Utilizar lenguaje difamatorio, degradante o abusivo (espec\u00edfico comportamiento indebido en redes sociales, incluido el uso de im\u00e1genes publicadas en la web, vocabulario y relaci\u00f3n con otros usuarios o con SWEET FILM MEMORIES, S.L.). <\/span><\/p>\n<p><span style=\"font-size: large;\">Los derechos de propiedad intelectual y marcas de terceros est\u00e1n destacados convenientemente y deben ser respetados por todo aquel que acceda a esta p\u00e1gina, no siendo responsabilidad de SWEET FILM MEMORIES, S.L. el uso que el usuario pueda llevar a cabo al respecto, recayendo la responsabilidad exclusiva en su persona. <\/span><\/p>\n<p><span style=\"font-size: large;\">Solo para uso personal y privado se permite descargar los contenidos, copiar o imprimir cualquier p\u00e1gina de esta web y redes sociales. Queda prohibido reproducir, transmitir, modificar o suprimir la informaci\u00f3n, contenido o advertencias de esta web sin la previa autorizaci\u00f3n por escrito de SWEET FILM MEMORIES, S.L.  <\/span><\/p>\n<p><span style=\"font-size: large;\">SWEET FILM MEMORIES, S.L. no transfiere a los usuarios la propiedad de sus aplicaciones (software). Es el usuario el propietario del soporte en el que el software puede ser grabado. SWEET FILM MEMORIES, S.L. posee todos los derechos de propiedad industrial e intelectual, incluido el software. Si el usuario transfiere aplicaciones de esta p\u00e1gina web a su terminal, no podr\u00e1 diseccionar por su estudio y descompilarlo, traducir la versi\u00f3n del c\u00f3digo objeto original o su lenguaje a otro c\u00f3digo o lenguaje.    <\/span><\/p>\n<p><span style=\"font-size: large;\">De igual forma se reserva el derecho a retirar el acceso a la p\u00e1gina web, sin necesidad de previo aviso, a cualquier usuario que contravenga lo dispuesto en este Aviso Legal. <\/span><\/p>\n<p>[\/et_pb_text][et_pb_text _builder_version=\u00bb4.26.1&#8243; _module_preset=\u00bbdefault\u00bb header_3_text_color=\u00bb#FFFFFF\u00bb global_colors_info=\u00bb{}\u00bb]<\/p>\n<h3 style=\"font-size: 40px;\">Modificaci\u00f3n de las condiciones<\/h3>\n<p>[\/et_pb_text][et_pb_text _builder_version=\u00bb4.26.1&#8243; _module_preset=\u00bbdefault\u00bb text_text_color=\u00bb#FFFFFF\u00bb global_colors_info=\u00bb{}\u00bb]<\/p>\n<p><span style=\"font-size: large;\">SWEET FILM MEMORIES, S.L. se reserva expresamente el derecho a modificar unilateralmente, total o parcialmente, sin necesidad de previo aviso, el presente Aviso Legal.<\/span><\/p>\n<p><span style=\"font-size: large;\">Sin embargo, el usuario reconoce y acepta que es su responsabilidad, la revisi\u00f3n peri\u00f3dica del presente documento.<\/span><\/p>\n<p>[\/et_pb_text][\/et_pb_column][et_pb_column type=\u00bb1_4&#8243; _builder_version=\u00bb4.26.1&#8243; _module_preset=\u00bbdefault\u00bb global_colors_info=\u00bb{}\u00bb][\/et_pb_column][\/et_pb_row][\/et_pb_section]<\/p>\n","protected":false},"excerpt":{"rendered":"<p>Aviso legalLey aplicable y jurisdicci\u00f3nLas presentes condiciones generales se rigen por la Legislaci\u00f3n Espa\u00f1ola vigente, siendo competentes los Juzgados y Tribunales espa\u00f1oles para conocer cu\u00e1ntas cuestiones se suscitan sobre la interpretaci\u00f3n, aplicaci\u00f3n y cumplimiento de \u00e9stas, as\u00ed como de las reclamaciones que puedan derivarse de su uso. Las partes que intervienen renuncian expresamente a la jurisdicci\u00f3n que les puede corresponder y se someten expresamente a los Juzgados y Tribunales de Sabadell para resolver cualquier controversia que pueda surgir en la interpretaci\u00f3n ejecuci\u00f3n de las presentes condiciones contractuales. El usuario, en virtud de su aceptaci\u00f3n a las condiciones generales recogidas en este Aviso Legal, renuncia expresamente a cualquier fuero que, por aplicaci\u00f3n de la Ley de Enjuiciamiento Civil vigente le corresponda.Datos identificativos de la titularidad del sitio webEn cumplimiento del deber de informaci\u00f3n legal estipulado en la Ley de Servicios de la Sociedad de la Informaci\u00f3n y de Comercio Electr\u00f3nico (LSSII) y de acuerdo con las obligaciones previstas en la Ley 34\/2002, de Servicios de la Sociedad de la Informaci\u00f3n y de Comercio Electr\u00f3nico (en adelante LSSI), manifiesta los siguientes datos identificativos: Propiedad:\u202fSWEET FILM MEMORIES, S.L. CIF:\u202fB16451205Direcci\u00f3n postal:\u202fCONCEPCI\u00d3N ARENAL, 19 BIS 08204, SABADELL. Correo electr\u00f3nico:\u202fOLGA@SWEETFILMMEMORIES.COM Dominio web: HTTPS:\/\/SWEETFILMMEMORIES.COMRedes sociales: Instagram, LinkedIn [&hellip;]<\/p>\n","protected":false},"author":1,"featured_media":0,"parent":0,"menu_order":0,"comment_status":"closed","ping_status":"closed","template":"","meta":{"_et_pb_use_builder":"on","_et_pb_old_content":"","_et_gb_content_width":"","footnotes":""},"class_list":["post-243","page","type-page","status-publish","hentry"],"_links":{"self":[{"href":"https:\/\/sweetfilmmemories.com\/es\/wp-json\/wp\/v2\/pages\/243","targetHints":{"allow":["GET"]}}],"collection":[{"href":"https:\/\/sweetfilmmemories.com\/es\/wp-json\/wp\/v2\/pages"}],"about":[{"href":"https:\/\/sweetfilmmemories.com\/es\/wp-json\/wp\/v2\/types\/page"}],"author":[{"embeddable":true,"href":"https:\/\/sweetfilmmemories.com\/es\/wp-json\/wp\/v2\/users\/1"}],"replies":[{"embeddable":true,"href":"https:\/\/sweetfilmmemories.com\/es\/wp-json\/wp\/v2\/comments?post=243"}],"version-history":[{"count":2,"href":"https:\/\/sweetfilmmemories.com\/es\/wp-json\/wp\/v2\/pages\/243\/revisions"}],"predecessor-version":[{"id":245,"href":"https:\/\/sweetfilmmemories.com\/es\/wp-json\/wp\/v2\/pages\/243\/revisions\/245"}],"wp:attachment":[{"href":"https:\/\/sweetfilmmemories.com\/es\/wp-json\/wp\/v2\/media?parent=243"}],"curies":[{"name":"wp","href":"https:\/\/api.w.org\/{rel}","templated":true}]}}